{"id":9096,"date":"2025-12-18T11:58:53","date_gmt":"2025-12-18T10:58:53","guid":{"rendered":"https:\/\/www.les13ordubroc.fr\/?page_id=9096"},"modified":"2025-12-18T12:07:12","modified_gmt":"2025-12-18T11:07:12","slug":"faire-connaissance","status":"publish","type":"page","link":"https:\/\/www.les13ordubroc.fr\/?page_id=9096","title":{"rendered":"Faire connaissance"},"content":{"rendered":"\t\t<div data-elementor-type=\"wp-post\" data-elementor-id=\"9096\" class=\"elementor elementor-9096\" data-elementor-post-type=\"page\">\n\t\t\t\t<div class=\"aux-parallax-section elementor-element elementor-element-cc17df8 aux-appear-watch-animation aux-scale-down e-transform e-transform e-flex e-con-boxed e-con e-parent\" data-id=\"cc17df8\" data-element_type=\"container\" id=\"#home\" data-settings=\"{&quot;background_background&quot;:&quot;classic&quot;,&quot;_transform_translateY_effect&quot;:{&quot;unit&quot;:&quot;px&quot;,&quot;size&quot;:61,&quot;sizes&quot;:[]},&quot;_transform_scale_effect&quot;:{&quot;unit&quot;:&quot;px&quot;,&quot;size&quot;:0,&quot;sizes&quot;:[]},&quot;_transform_translateX_effect&quot;:{&quot;unit&quot;:&quot;px&quot;,&quot;size&quot;:&quot;&quot;,&quot;sizes&quot;:[]},&quot;_transform_translateX_effect_tablet&quot;:{&quot;unit&quot;:&quot;px&quot;,&quot;size&quot;:&quot;&quot;,&quot;sizes&quot;:[]},&quot;_transform_translateX_effect_mobile&quot;:{&quot;unit&quot;:&quot;px&quot;,&quot;size&quot;:&quot;&quot;,&quot;sizes&quot;:[]},&quot;_transform_translateY_effect_tablet&quot;:{&quot;unit&quot;:&quot;px&quot;,&quot;size&quot;:&quot;&quot;,&quot;sizes&quot;:[]},&quot;_transform_translateY_effect_mobile&quot;:{&quot;unit&quot;:&quot;px&quot;,&quot;size&quot;:&quot;&quot;,&quot;sizes&quot;:[]},&quot;_transform_scale_effect_tablet&quot;:{&quot;unit&quot;:&quot;px&quot;,&quot;size&quot;:&quot;&quot;,&quot;sizes&quot;:[]},&quot;_transform_scale_effect_mobile&quot;:{&quot;unit&quot;:&quot;px&quot;,&quot;size&quot;:&quot;&quot;,&quot;sizes&quot;:[]}}\">\n\t\t\t\t\t<div class=\"e-con-inner\">\n\t\t<div class=\"elementor-element elementor-element-4e79997 e-con-full e-flex e-con e-child\" data-id=\"4e79997\" data-element_type=\"container\">\n\t\t\t\t<\/div>\n\t\t\t\t\t<\/div>\n\t\t\t\t<\/div>\n\t\t<div class=\"aux-parallax-section elementor-element elementor-element-ab84e1b e-flex e-con-boxed e-con e-parent\" data-id=\"ab84e1b\" data-element_type=\"container\" id=\"AboutUs\">\n\t\t\t\t\t<div class=\"e-con-inner\">\n\t\t<div class=\"elementor-element elementor-element-547fa2c e-con-full e-flex e-con e-child\" data-id=\"547fa2c\" data-element_type=\"container\">\n\t\t<div class=\"elementor-element elementor-element-c329a21 e-con-full e-flex e-con e-child\" data-id=\"c329a21\" data-element_type=\"container\">\n\t\t\t\t<div class=\"elementor-element elementor-element-42bfa23 aux-appear-watch-animation aux-fade-in-up elementor-widget elementor-widget-aux_modern_heading\" data-id=\"42bfa23\" data-element_type=\"widget\" data-widget_type=\"aux_modern_heading.default\">\n\t\t\t\t<div class=\"elementor-widget-container\">\n\t\t\t\t\t<section class=\"aux-widget-modern-heading\">\n            <div class=\"aux-widget-inner\"><div class=\"aux-modern-heading-divider\"><\/div><h2 class=\"aux-modern-heading-primary\">Faire connaissance<\/h2><h3 class=\"aux-modern-heading-secondary\"><span class=\"aux-head-before\">L'histoire des 13or du Broc\u2019<\/span><\/h3><div class=\"aux-modern-heading-description\"><p>Brocanteur professionnel et collectionneur de monnaies anciennes bas\u00e9 \u00e0 <strong>Ch\u00e2teauroux<\/strong>, au c\u0153ur de l'Indre, je parcours la r\u00e9gion Centre-Val de Loire pour d\u00e9nicher des pi\u00e8ces d'exception.<\/p><p>Je m\u2019appelle <strong>Alexandre Emmrich<\/strong>. Ma passion ? L\u2019univers des objets qui ont une \u00e2me, et plus particuli\u00e8rement la numismatique (les monnaies anciennes).<\/p><p>Ce qui m\u2019anime au quotidien, c'est de d\u00e9busquer l'objet rare que vous recherchez. Que vous soyez collectionneur de BD, de timbres, de cartes postales ou de billets, ou que vous cherchiez <strong>LE<\/strong> meuble de caract\u00e8re \u00e0 r\u00e9nover pour votre int\u00e9rieur, je mets mon \u0153il d'expert \u00e0 votre service.<\/p><p>Parce qu'il n'est pas toujours facile de se croiser sur les d\u00e9ballages de la r\u00e9gion, j'ai con\u00e7u ce site comme un lien direct entre nous. Parcourez ma s\u00e9lection et n'h\u00e9sitez pas \u00e0 me contacter pour vos recherches sp\u00e9cifiques !<\/p><p>\u00a0<\/p><p>\u00a0<\/p><\/div><\/div>\n        <\/section>\t\t\t\t<\/div>\n\t\t\t\t<\/div>\n\t\t\t\t<\/div>\n\t\t\t\t<\/div>\n\t\t\t\t<div class=\"elementor-element elementor-element-9cc006c aux-appear-watch-animation aux-scale-up e-transform elementor-widget elementor-widget-aux_image\" data-id=\"9cc006c\" data-element_type=\"widget\" data-settings=\"{&quot;_transform_translateX_effect&quot;:{&quot;unit&quot;:&quot;px&quot;,&quot;size&quot;:-244,&quot;sizes&quot;:[]},&quot;_transform_translateY_effect&quot;:{&quot;unit&quot;:&quot;px&quot;,&quot;size&quot;:256,&quot;sizes&quot;:[]},&quot;_transform_translateX_effect_tablet&quot;:{&quot;unit&quot;:&quot;px&quot;,&quot;size&quot;:&quot;&quot;,&quot;sizes&quot;:[]},&quot;_transform_translateX_effect_mobile&quot;:{&quot;unit&quot;:&quot;px&quot;,&quot;size&quot;:&quot;&quot;,&quot;sizes&quot;:[]},&quot;_transform_translateY_effect_tablet&quot;:{&quot;unit&quot;:&quot;px&quot;,&quot;size&quot;:&quot;&quot;,&quot;sizes&quot;:[]},&quot;_transform_translateY_effect_mobile&quot;:{&quot;unit&quot;:&quot;px&quot;,&quot;size&quot;:&quot;&quot;,&quot;sizes&quot;:[]}}\" data-widget_type=\"aux_image.default\">\n\t\t\t\t<div class=\"elementor-widget-container\">\n\t\t\t\t\t<section class=\"widget-container aux-widget-image aux-alignnone aux-parent-au97da1e59\">\n    <div class=\"aux-media-hint-frame \">\n        <div class=\"aux-media-image \" >\n        \n            \n\n            \n            <img fetchpriority=\"high\" decoding=\"async\" width=\"780\" height=\"709\" src=\"data:image\/gif;base64,R0lGODlhAQABAIAAAAAAAP\/\/\/yH5BAEAAAAALAAAAAABAAEAAAIBRAA7\" class=\"aux-attachment aux-featured-image aux-attachment-id-9100 aux-preload aux-blank\" alt=\"491689776_9421621507944917_8689652470256811551_n\" data-ratio=\"1.1\" data-original-w=\"1918\" sizes=\"auto\" data-srcset=\"https:\/\/www.les13ordubroc.fr\/wp-content\/uploads\/2025\/12\/491689776_9421621507944917_8689652470256811551_n-150x136.jpg 150w,https:\/\/www.les13ordubroc.fr\/wp-content\/uploads\/2025\/12\/491689776_9421621507944917_8689652470256811551_n-300x273.jpg 300w,https:\/\/www.les13ordubroc.fr\/wp-content\/uploads\/2025\/12\/491689776_9421621507944917_8689652470256811551_n-768x698.jpg 768w,https:\/\/www.les13ordubroc.fr\/wp-content\/uploads\/2025\/12\/491689776_9421621507944917_8689652470256811551_n-1024x931.jpg 1024w,https:\/\/www.les13ordubroc.fr\/wp-content\/uploads\/2025\/12\/491689776_9421621507944917_8689652470256811551_n-780x709.jpg 780w\" data-src=\"https:\/\/www.les13ordubroc.fr\/wp-content\/uploads\/2025\/12\/491689776_9421621507944917_8689652470256811551_n-780x709.jpg\" \/>            \n                <\/div>\n    <\/div>\n\n<\/section><!-- widget-container -->\t\t\t\t<\/div>\n\t\t\t\t<\/div>\n\t\t\t\t\t<\/div>\n\t\t\t\t<\/div>\n\t\t\t\t<\/div>\n\t\t","protected":false},"excerpt":{"rendered":"<p>Faire connaissance L&rsquo;histoire des 13or du Broc\u2019 Brocanteur professionnel et collectionneur de monnaies anciennes bas\u00e9 \u00e0 Ch\u00e2teauroux, au c\u0153ur de l&rsquo;Indre, je parcours la r\u00e9gion Centre-Val de Loire pour d\u00e9nicher des pi\u00e8ces d&rsquo;exception. Je m\u2019appelle Alexandre Emmrich. Ma passion ? L\u2019univers des objets qui ont une \u00e2me, et plus particuli\u00e8rement la numismatique (les monnaies anciennes). [&hellip;]<\/p>\n","protected":false},"author":2,"featured_media":0,"parent":0,"menu_order":0,"comment_status":"closed","ping_status":"closed","template":"","meta":{"footnotes":""},"class_list":["post-9096","page","type-page","status-publish","hentry"],"_links":{"self":[{"href":"https:\/\/www.les13ordubroc.fr\/index.php?rest_route=\/wp\/v2\/pages\/9096","targetHints":{"allow":["GET"]}}],"collection":[{"href":"https:\/\/www.les13ordubroc.fr\/index.php?rest_route=\/wp\/v2\/pages"}],"about":[{"href":"https:\/\/www.les13ordubroc.fr\/index.php?rest_route=\/wp\/v2\/types\/page"}],"author":[{"embeddable":true,"href":"https:\/\/www.les13ordubroc.fr\/index.php?rest_route=\/wp\/v2\/users\/2"}],"replies":[{"embeddable":true,"href":"https:\/\/www.les13ordubroc.fr\/index.php?rest_route=%2Fwp%2Fv2%2Fcomments&post=9096"}],"version-history":[{"count":7,"href":"https:\/\/www.les13ordubroc.fr\/index.php?rest_route=\/wp\/v2\/pages\/9096\/revisions"}],"predecessor-version":[{"id":9115,"href":"https:\/\/www.les13ordubroc.fr\/index.php?rest_route=\/wp\/v2\/pages\/9096\/revisions\/9115"}],"wp:attachment":[{"href":"https:\/\/www.les13ordubroc.fr\/index.php?rest_route=%2Fwp%2Fv2%2Fmedia&parent=9096"}],"curies":[{"name":"wp","href":"https:\/\/api.w.org\/{rel}","templated":true}]}}