{"id":9183,"date":"2025-12-24T11:44:21","date_gmt":"2025-12-24T10:44:21","guid":{"rendered":"https:\/\/www.les13ordubroc.fr\/?page_id=9183"},"modified":"2025-12-24T13:58:22","modified_gmt":"2025-12-24T12:58:22","slug":"faire-connaissance-2","status":"publish","type":"page","link":"https:\/\/www.les13ordubroc.fr\/?page_id=9183","title":{"rendered":"Mes Pi\u00e8ces"},"content":{"rendered":"\t\t<div data-elementor-type=\"wp-post\" data-elementor-id=\"9183\" class=\"elementor elementor-9183\" data-elementor-post-type=\"page\">\n\t\t\t\t<div class=\"aux-parallax-section elementor-element elementor-element-cc17df8 aux-appear-watch-animation aux-scale-down e-transform e-transform e-flex e-con-boxed e-con e-parent\" data-id=\"cc17df8\" data-element_type=\"container\" id=\"#home\" data-settings=\"{&quot;background_background&quot;:&quot;classic&quot;,&quot;_transform_translateY_effect&quot;:{&quot;unit&quot;:&quot;px&quot;,&quot;size&quot;:61,&quot;sizes&quot;:[]},&quot;_transform_scale_effect&quot;:{&quot;unit&quot;:&quot;px&quot;,&quot;size&quot;:0,&quot;sizes&quot;:[]},&quot;_transform_translateX_effect&quot;:{&quot;unit&quot;:&quot;px&quot;,&quot;size&quot;:&quot;&quot;,&quot;sizes&quot;:[]},&quot;_transform_translateX_effect_tablet&quot;:{&quot;unit&quot;:&quot;px&quot;,&quot;size&quot;:&quot;&quot;,&quot;sizes&quot;:[]},&quot;_transform_translateX_effect_mobile&quot;:{&quot;unit&quot;:&quot;px&quot;,&quot;size&quot;:&quot;&quot;,&quot;sizes&quot;:[]},&quot;_transform_translateY_effect_tablet&quot;:{&quot;unit&quot;:&quot;px&quot;,&quot;size&quot;:&quot;&quot;,&quot;sizes&quot;:[]},&quot;_transform_translateY_effect_mobile&quot;:{&quot;unit&quot;:&quot;px&quot;,&quot;size&quot;:&quot;&quot;,&quot;sizes&quot;:[]},&quot;_transform_scale_effect_tablet&quot;:{&quot;unit&quot;:&quot;px&quot;,&quot;size&quot;:&quot;&quot;,&quot;sizes&quot;:[]},&quot;_transform_scale_effect_mobile&quot;:{&quot;unit&quot;:&quot;px&quot;,&quot;size&quot;:&quot;&quot;,&quot;sizes&quot;:[]}}\">\n\t\t\t\t\t<div class=\"e-con-inner\">\n\t\t<div class=\"elementor-element elementor-element-4e79997 e-con-full e-flex e-con e-child\" data-id=\"4e79997\" data-element_type=\"container\">\n\t\t\t\t<\/div>\n\t\t\t\t\t<\/div>\n\t\t\t\t<\/div>\n\t\t<div class=\"aux-parallax-section elementor-element elementor-element-ab84e1b e-flex e-con-boxed e-con e-parent\" data-id=\"ab84e1b\" data-element_type=\"container\" id=\"AboutUs\">\n\t\t\t\t\t<div class=\"e-con-inner\">\n\t\t<div class=\"elementor-element elementor-element-547fa2c e-con-full e-flex e-con e-child\" data-id=\"547fa2c\" data-element_type=\"container\">\n\t\t<div class=\"elementor-element elementor-element-c329a21 e-con-full e-flex e-con e-child\" data-id=\"c329a21\" data-element_type=\"container\">\n\t\t\t\t<div class=\"elementor-element elementor-element-42bfa23 aux-appear-watch-animation aux-fade-in-up elementor-widget elementor-widget-aux_modern_heading\" data-id=\"42bfa23\" data-element_type=\"widget\" data-widget_type=\"aux_modern_heading.default\">\n\t\t\t\t<div class=\"elementor-widget-container\">\n\t\t\t\t\t<section class=\"aux-widget-modern-heading\">\n            <div class=\"aux-widget-inner\"><div class=\"aux-modern-heading-divider\"><\/div><h2 class=\"aux-modern-heading-primary\">Mes pi\u00e8ces<\/h2><h3 class=\"aux-modern-heading-secondary\"><span class=\"aux-head-before\">Un voyage \u00e0 travers le temps et le m\u00e9tal<\/span><\/h3><div class=\"aux-modern-heading-description\"><p data-path-to-node=\"5\">Bienvenue dans ma galerie numismatique. Chaque pi\u00e8ce pr\u00e9sent\u00e9e ici est bien plus qu\u2019un simple objet de m\u00e9tal ; c\u2019est un fragment d\u2019histoire qui a travers\u00e9 les si\u00e8cles et les fronti\u00e8res. Des portraits de souverains oubli\u00e9s aux symboles de r\u00e9publiques naissantes, je vous invite \u00e0 d\u00e9couvrir ma s\u00e9lection de monnaies, choisies pour leur raret\u00e9, leur \u00e9tat de conservation ou la force de leur r\u00e9cit.<\/p><p data-path-to-node=\"6\">Bonne exploration au fil des \u00e9poques !<\/p><\/div><\/div>\n        <\/section>\t\t\t\t<\/div>\n\t\t\t\t<\/div>\n\t\t\t\t<div class=\"elementor-element elementor-element-74ab73b elementor-widget elementor-widget-gallery\" data-id=\"74ab73b\" data-element_type=\"widget\" data-settings=\"{&quot;lazyload&quot;:&quot;yes&quot;,&quot;gallery_layout&quot;:&quot;grid&quot;,&quot;columns&quot;:4,&quot;columns_tablet&quot;:2,&quot;columns_mobile&quot;:1,&quot;gap&quot;:{&quot;unit&quot;:&quot;px&quot;,&quot;size&quot;:10,&quot;sizes&quot;:[]},&quot;gap_tablet&quot;:{&quot;unit&quot;:&quot;px&quot;,&quot;size&quot;:10,&quot;sizes&quot;:[]},&quot;gap_mobile&quot;:{&quot;unit&quot;:&quot;px&quot;,&quot;size&quot;:10,&quot;sizes&quot;:[]},&quot;link_to&quot;:&quot;file&quot;,&quot;aspect_ratio&quot;:&quot;3:2&quot;,&quot;overlay_background&quot;:&quot;yes&quot;,&quot;content_hover_animation&quot;:&quot;fade-in&quot;}\" data-widget_type=\"gallery.default\">\n\t\t\t\t<div class=\"elementor-widget-container\">\n\t\t\t\t\t\t\t<div class=\"elementor-gallery__container\">\n\t\t\t\t\t\t\t<a class=\"e-gallery-item elementor-gallery-item elementor-animated-content\" href=\"https:\/\/www.les13ordubroc.fr\/wp-content\/uploads\/2025\/12\/close-up-coins-table-scaled.jpg\" data-elementor-open-lightbox=\"yes\" data-elementor-lightbox-slideshow=\"74ab73b\" data-elementor-lightbox-title=\"close-up-coins-table\" data-e-action-hash=\"#elementor-action%3Aaction%3Dlightbox%26settings%3DeyJpZCI6OTA2OSwidXJsIjoiaHR0cHM6XC9cL3d3dy5sZXMxM29yZHVicm9jLmZyXC93cC1jb250ZW50XC91cGxvYWRzXC8yMDI1XC8xMlwvY2xvc2UtdXAtY29pbnMtdGFibGUtc2NhbGVkLmpwZyIsInNsaWRlc2hvdyI6Ijc0YWI3M2IifQ%3D%3D\">\n\t\t\t\t\t<div class=\"e-gallery-image elementor-gallery-item__image\" data-thumbnail=\"https:\/\/www.les13ordubroc.fr\/wp-content\/uploads\/2025\/12\/close-up-coins-table-300x300.jpg\" data-width=\"300\" data-height=\"300\" aria-label=\"\" role=\"img\" ><\/div>\n\t\t\t\t\t\t\t\t\t\t\t<div class=\"elementor-gallery-item__overlay\"><\/div>\n\t\t\t\t\t\t\t\t\t\t\t\t\t\t<\/a>\n\t\t\t\t\t\t\t<a class=\"e-gallery-item elementor-gallery-item elementor-animated-content\" href=\"https:\/\/www.les13ordubroc.fr\/wp-content\/uploads\/2025\/01\/piece_ar.png\" data-elementor-open-lightbox=\"yes\" data-elementor-lightbox-slideshow=\"74ab73b\" data-elementor-lightbox-title=\"pi\u00e9ce_ar\" data-e-action-hash=\"#elementor-action%3Aaction%3Dlightbox%26settings%3DeyJpZCI6ODU5NSwidXJsIjoiaHR0cHM6XC9cL3d3dy5sZXMxM29yZHVicm9jLmZyXC93cC1jb250ZW50XC91cGxvYWRzXC8yMDI1XC8wMVwvcGllY2VfYXIucG5nIiwic2xpZGVzaG93IjoiNzRhYjczYiJ9\">\n\t\t\t\t\t<div class=\"e-gallery-image elementor-gallery-item__image\" data-thumbnail=\"https:\/\/www.les13ordubroc.fr\/wp-content\/uploads\/2025\/01\/piece_ar-300x300.png\" data-width=\"300\" data-height=\"300\" aria-label=\"\" role=\"img\" ><\/div>\n\t\t\t\t\t\t\t\t\t\t\t<div class=\"elementor-gallery-item__overlay\"><\/div>\n\t\t\t\t\t\t\t\t\t\t\t\t\t\t<\/a>\n\t\t\t\t\t\t\t<a class=\"e-gallery-item elementor-gallery-item elementor-animated-content\" href=\"https:\/\/www.les13ordubroc.fr\/wp-content\/uploads\/2025\/01\/piece_av.png\" data-elementor-open-lightbox=\"yes\" data-elementor-lightbox-slideshow=\"74ab73b\" data-elementor-lightbox-title=\"piece_av\" data-e-action-hash=\"#elementor-action%3Aaction%3Dlightbox%26settings%3DeyJpZCI6ODU5NCwidXJsIjoiaHR0cHM6XC9cL3d3dy5sZXMxM29yZHVicm9jLmZyXC93cC1jb250ZW50XC91cGxvYWRzXC8yMDI1XC8wMVwvcGllY2VfYXYucG5nIiwic2xpZGVzaG93IjoiNzRhYjczYiJ9\">\n\t\t\t\t\t<div class=\"e-gallery-image elementor-gallery-item__image\" data-thumbnail=\"https:\/\/www.les13ordubroc.fr\/wp-content\/uploads\/2025\/01\/piece_av-300x288.png\" data-width=\"300\" data-height=\"288\" aria-label=\"\" role=\"img\" ><\/div>\n\t\t\t\t\t\t\t\t\t\t\t<div class=\"elementor-gallery-item__overlay\"><\/div>\n\t\t\t\t\t\t\t\t\t\t\t\t\t\t<\/a>\n\t\t\t\t\t\t\t<a class=\"e-gallery-item elementor-gallery-item elementor-animated-content\" href=\"https:\/\/www.les13ordubroc.fr\/wp-content\/uploads\/2025\/01\/pieceslide.jpg\" data-elementor-open-lightbox=\"yes\" data-elementor-lightbox-slideshow=\"74ab73b\" data-elementor-lightbox-title=\"pieceslide\" data-e-action-hash=\"#elementor-action%3Aaction%3Dlightbox%26settings%3DeyJpZCI6ODY4MSwidXJsIjoiaHR0cHM6XC9cL3d3dy5sZXMxM29yZHVicm9jLmZyXC93cC1jb250ZW50XC91cGxvYWRzXC8yMDI1XC8wMVwvcGllY2VzbGlkZS5qcGciLCJzbGlkZXNob3ciOiI3NGFiNzNiIn0%3D\">\n\t\t\t\t\t<div class=\"e-gallery-image elementor-gallery-item__image\" data-thumbnail=\"https:\/\/www.les13ordubroc.fr\/wp-content\/uploads\/2025\/01\/pieceslide-300x300.jpg\" data-width=\"300\" data-height=\"300\" aria-label=\"\" role=\"img\" ><\/div>\n\t\t\t\t\t\t\t\t\t\t\t<div class=\"elementor-gallery-item__overlay\"><\/div>\n\t\t\t\t\t\t\t\t\t\t\t\t\t\t<\/a>\n\t\t\t\t\t\t\t<a class=\"e-gallery-item elementor-gallery-item elementor-animated-content\" href=\"https:\/\/www.les13ordubroc.fr\/wp-content\/uploads\/2025\/01\/cropped-Logo-rond.png\" data-elementor-open-lightbox=\"yes\" data-elementor-lightbox-slideshow=\"74ab73b\" data-elementor-lightbox-title=\"cropped-Logo-rond.png\" data-elementor-lightbox-description=\"https:\/\/www.les13ordubroc.fr\/wp-content\/uploads\/2025\/01\/cropped-Logo-rond.png\" data-e-action-hash=\"#elementor-action%3Aaction%3Dlightbox%26settings%3DeyJpZCI6ODg5MSwidXJsIjoiaHR0cHM6XC9cL3d3dy5sZXMxM29yZHVicm9jLmZyXC93cC1jb250ZW50XC91cGxvYWRzXC8yMDI1XC8wMVwvY3JvcHBlZC1Mb2dvLXJvbmQucG5nIiwic2xpZGVzaG93IjoiNzRhYjczYiJ9\">\n\t\t\t\t\t<div class=\"e-gallery-image elementor-gallery-item__image\" data-thumbnail=\"https:\/\/www.les13ordubroc.fr\/wp-content\/uploads\/2025\/01\/cropped-Logo-rond-300x300.png\" data-width=\"300\" data-height=\"300\" aria-label=\"\" role=\"img\" ><\/div>\n\t\t\t\t\t\t\t\t\t\t\t<div class=\"elementor-gallery-item__overlay\"><\/div>\n\t\t\t\t\t\t\t\t\t\t\t\t\t\t<\/a>\n\t\t\t\t\t\t\t<a class=\"e-gallery-item elementor-gallery-item elementor-animated-content\" href=\"https:\/\/www.les13ordubroc.fr\/wp-content\/uploads\/2025\/01\/WhatsApp-Image-2025-01-02-a-17.39.50_3db0604c.jpg\" data-elementor-open-lightbox=\"yes\" data-elementor-lightbox-slideshow=\"74ab73b\" data-elementor-lightbox-title=\"WhatsApp Image 2025-01-02 \u00e0 17.39.50_3db0604c\" data-e-action-hash=\"#elementor-action%3Aaction%3Dlightbox%26settings%3DeyJpZCI6ODU1MywidXJsIjoiaHR0cHM6XC9cL3d3dy5sZXMxM29yZHVicm9jLmZyXC93cC1jb250ZW50XC91cGxvYWRzXC8yMDI1XC8wMVwvV2hhdHNBcHAtSW1hZ2UtMjAyNS0wMS0wMi1hLTE3LjM5LjUwXzNkYjA2MDRjLmpwZyIsInNsaWRlc2hvdyI6Ijc0YWI3M2IifQ%3D%3D\">\n\t\t\t\t\t<div class=\"e-gallery-image elementor-gallery-item__image\" data-thumbnail=\"https:\/\/www.les13ordubroc.fr\/wp-content\/uploads\/2025\/01\/WhatsApp-Image-2025-01-02-a-17.39.50_3db0604c-287x300.jpg\" data-width=\"287\" data-height=\"300\" aria-label=\"\" role=\"img\" ><\/div>\n\t\t\t\t\t\t\t\t\t\t\t<div class=\"elementor-gallery-item__overlay\"><\/div>\n\t\t\t\t\t\t\t\t\t\t\t\t\t\t<\/a>\n\t\t\t\t\t\t\t<a class=\"e-gallery-item elementor-gallery-item elementor-animated-content\" href=\"https:\/\/www.les13ordubroc.fr\/wp-content\/uploads\/2025\/01\/cropped-Logo-rond-1.png\" data-elementor-open-lightbox=\"yes\" data-elementor-lightbox-slideshow=\"74ab73b\" data-elementor-lightbox-title=\"cropped-Logo-rond-1.png\" data-elementor-lightbox-description=\"https:\/\/www.les13ordubroc.fr\/wp-content\/uploads\/2025\/01\/cropped-Logo-rond-1.png\" data-e-action-hash=\"#elementor-action%3Aaction%3Dlightbox%26settings%3DeyJpZCI6OTA0NCwidXJsIjoiaHR0cHM6XC9cL3d3dy5sZXMxM29yZHVicm9jLmZyXC93cC1jb250ZW50XC91cGxvYWRzXC8yMDI1XC8wMVwvY3JvcHBlZC1Mb2dvLXJvbmQtMS5wbmciLCJzbGlkZXNob3ciOiI3NGFiNzNiIn0%3D\">\n\t\t\t\t\t<div class=\"e-gallery-image elementor-gallery-item__image\" data-thumbnail=\"https:\/\/www.les13ordubroc.fr\/wp-content\/uploads\/2025\/01\/cropped-Logo-rond-1-300x300.png\" data-width=\"300\" data-height=\"300\" aria-label=\"\" role=\"img\" ><\/div>\n\t\t\t\t\t\t\t\t\t\t\t<div class=\"elementor-gallery-item__overlay\"><\/div>\n\t\t\t\t\t\t\t\t\t\t\t\t\t\t<\/a>\n\t\t\t\t\t<\/div>\n\t\t\t\t\t<\/div>\n\t\t\t\t<\/div>\n\t\t\t\t<\/div>\n\t\t\t\t<\/div>\n\t\t\t\t\t<\/div>\n\t\t\t\t<\/div>\n\t\t\t\t<\/div>\n\t\t","protected":false},"excerpt":{"rendered":"<p>Mes pi\u00e8ces Un voyage \u00e0 travers le temps et le m\u00e9tal Bienvenue dans ma galerie numismatique. Chaque pi\u00e8ce pr\u00e9sent\u00e9e ici est bien plus qu\u2019un simple objet de m\u00e9tal ; c\u2019est un fragment d\u2019histoire qui a travers\u00e9 les si\u00e8cles et les fronti\u00e8res. Des portraits de souverains oubli\u00e9s aux symboles de r\u00e9publiques naissantes, je vous invite \u00e0 [&hellip;]<\/p>\n","protected":false},"author":2,"featured_media":0,"parent":0,"menu_order":0,"comment_status":"closed","ping_status":"closed","template":"","meta":{"footnotes":""},"class_list":["post-9183","page","type-page","status-publish","hentry"],"_links":{"self":[{"href":"https:\/\/www.les13ordubroc.fr\/index.php?rest_route=\/wp\/v2\/pages\/9183","targetHints":{"allow":["GET"]}}],"collection":[{"href":"https:\/\/www.les13ordubroc.fr\/index.php?rest_route=\/wp\/v2\/pages"}],"about":[{"href":"https:\/\/www.les13ordubroc.fr\/index.php?rest_route=\/wp\/v2\/types\/page"}],"author":[{"embeddable":true,"href":"https:\/\/www.les13ordubroc.fr\/index.php?rest_route=\/wp\/v2\/users\/2"}],"replies":[{"embeddable":true,"href":"https:\/\/www.les13ordubroc.fr\/index.php?rest_route=%2Fwp%2Fv2%2Fcomments&post=9183"}],"version-history":[{"count":5,"href":"https:\/\/www.les13ordubroc.fr\/index.php?rest_route=\/wp\/v2\/pages\/9183\/revisions"}],"predecessor-version":[{"id":9207,"href":"https:\/\/www.les13ordubroc.fr\/index.php?rest_route=\/wp\/v2\/pages\/9183\/revisions\/9207"}],"wp:attachment":[{"href":"https:\/\/www.les13ordubroc.fr\/index.php?rest_route=%2Fwp%2Fv2%2Fmedia&parent=9183"}],"curies":[{"name":"wp","href":"https:\/\/api.w.org\/{rel}","templated":true}]}}