{"id":9201,"date":"2025-12-24T14:00:21","date_gmt":"2025-12-24T13:00:21","guid":{"rendered":"https:\/\/www.les13ordubroc.fr\/?page_id=9201"},"modified":"2025-12-24T14:16:50","modified_gmt":"2025-12-24T13:16:50","slug":"mes-collections","status":"publish","type":"page","link":"https:\/\/www.les13ordubroc.fr\/?page_id=9201","title":{"rendered":"Mes Collections"},"content":{"rendered":"\t\t<div data-elementor-type=\"wp-post\" data-elementor-id=\"9201\" class=\"elementor elementor-9201\" data-elementor-post-type=\"page\">\n\t\t\t\t<div class=\"aux-parallax-section elementor-element elementor-element-cc17df8 aux-appear-watch-animation aux-scale-down e-transform e-transform e-flex e-con-boxed e-con e-parent\" data-id=\"cc17df8\" data-element_type=\"container\" id=\"#home\" data-settings=\"{&quot;background_background&quot;:&quot;classic&quot;,&quot;_transform_translateY_effect&quot;:{&quot;unit&quot;:&quot;px&quot;,&quot;size&quot;:61,&quot;sizes&quot;:[]},&quot;_transform_scale_effect&quot;:{&quot;unit&quot;:&quot;px&quot;,&quot;size&quot;:0,&quot;sizes&quot;:[]},&quot;_transform_translateX_effect&quot;:{&quot;unit&quot;:&quot;px&quot;,&quot;size&quot;:&quot;&quot;,&quot;sizes&quot;:[]},&quot;_transform_translateX_effect_tablet&quot;:{&quot;unit&quot;:&quot;px&quot;,&quot;size&quot;:&quot;&quot;,&quot;sizes&quot;:[]},&quot;_transform_translateX_effect_mobile&quot;:{&quot;unit&quot;:&quot;px&quot;,&quot;size&quot;:&quot;&quot;,&quot;sizes&quot;:[]},&quot;_transform_translateY_effect_tablet&quot;:{&quot;unit&quot;:&quot;px&quot;,&quot;size&quot;:&quot;&quot;,&quot;sizes&quot;:[]},&quot;_transform_translateY_effect_mobile&quot;:{&quot;unit&quot;:&quot;px&quot;,&quot;size&quot;:&quot;&quot;,&quot;sizes&quot;:[]},&quot;_transform_scale_effect_tablet&quot;:{&quot;unit&quot;:&quot;px&quot;,&quot;size&quot;:&quot;&quot;,&quot;sizes&quot;:[]},&quot;_transform_scale_effect_mobile&quot;:{&quot;unit&quot;:&quot;px&quot;,&quot;size&quot;:&quot;&quot;,&quot;sizes&quot;:[]}}\">\n\t\t\t\t\t<div class=\"e-con-inner\">\n\t\t<div class=\"elementor-element elementor-element-4e79997 e-con-full e-flex e-con e-child\" data-id=\"4e79997\" data-element_type=\"container\">\n\t\t\t\t<\/div>\n\t\t\t\t\t<\/div>\n\t\t\t\t<\/div>\n\t\t<div class=\"aux-parallax-section elementor-element elementor-element-ab84e1b e-flex e-con-boxed e-con e-parent\" data-id=\"ab84e1b\" data-element_type=\"container\" id=\"AboutUs\">\n\t\t\t\t\t<div class=\"e-con-inner\">\n\t\t<div class=\"elementor-element elementor-element-547fa2c e-con-full e-flex e-con e-child\" data-id=\"547fa2c\" data-element_type=\"container\">\n\t\t<div class=\"elementor-element elementor-element-c329a21 e-con-full e-flex e-con e-child\" data-id=\"c329a21\" data-element_type=\"container\">\n\t\t\t\t<div class=\"elementor-element elementor-element-42bfa23 aux-appear-watch-animation aux-fade-in-up elementor-widget elementor-widget-aux_modern_heading\" data-id=\"42bfa23\" data-element_type=\"widget\" data-widget_type=\"aux_modern_heading.default\">\n\t\t\t\t<div class=\"elementor-widget-container\">\n\t\t\t\t\t<section class=\"aux-widget-modern-heading\">\n            <div class=\"aux-widget-inner\"><div class=\"aux-modern-heading-divider\"><\/div><h2 class=\"aux-modern-heading-primary\">Mes collections<\/h2><h3 class=\"aux-modern-heading-secondary\"><span class=\"aux-head-before\">Fragments d'histoire et de g\u00e9ographie : mes collections \u00e0 la loupe.<\/span><\/h3><div class=\"aux-modern-heading-description\"><p data-path-to-node=\"5\">Petites histoires de papier, de m\u00e9tal et de voyages : bienvenue dans mon cabinet de curiosit\u00e9s.<\/p><p data-path-to-node=\"6\">Bonne exploration au fil des \u00e9poques !<\/p><\/div><\/div>\n        <\/section>\t\t\t\t<\/div>\n\t\t\t\t<\/div>\n\t\t\t\t<\/div>\n\t\t\t\t<\/div>\n\t\t\t\t\t<\/div>\n\t\t\t\t<\/div>\n\t\t<div class=\"aux-parallax-section elementor-element elementor-element-8aef3a3 e-grid e-con-boxed e-con e-parent\" data-id=\"8aef3a3\" data-element_type=\"container\" data-settings=\"{&quot;background_background&quot;:&quot;classic&quot;}\">\n\t\t\t\t\t<div class=\"e-con-inner\">\n\t\t\t\t<div class=\"elementor-element elementor-element-4a61cc9 elementor-widget elementor-widget-aux_text\" data-id=\"4a61cc9\" data-element_type=\"widget\" data-widget_type=\"aux_text.default\">\n\t\t\t\t<div class=\"elementor-widget-container\">\n\t\t\t\t\t<section class=\"widget-container aux-widget-text aux-parent-au86cf8271\">        <div class=\"aux-widget-advanced-text aux-wrap-style-simple aux-ico-pos-top aux-text-center aux-text-resp- aux-text-color-dark aux-text-widget-bg-center  \" >\n        \n                            <div class=\"aux-text-widget-header \"  >\n                        <div class=\"aux-ico-box aux-ico-large aux-img-box aux-ico-shape-round-rect aux-ico-clear \">\n                                                                <img decoding=\"async\" width=\"150\" height=\"150\" src=\"https:\/\/www.les13ordubroc.fr\/wp-content\/uploads\/2025\/01\/pieceslide-150x150.jpg\" class=\"aux-attachment aux-featured-image aux-attachment-id-8681\" alt=\"pieceslide\" srcset=\"https:\/\/www.les13ordubroc.fr\/wp-content\/uploads\/2025\/01\/pieceslide-150x150.jpg 150w,https:\/\/www.les13ordubroc.fr\/wp-content\/uploads\/2025\/01\/pieceslide-300x300.jpg 300w,https:\/\/www.les13ordubroc.fr\/wp-content\/uploads\/2025\/01\/pieceslide-768x768.jpg 768w,https:\/\/www.les13ordubroc.fr\/wp-content\/uploads\/2025\/01\/pieceslide-1024x1024.jpg 1024w,https:\/\/www.les13ordubroc.fr\/wp-content\/uploads\/2025\/01\/pieceslide-150x150.jpg 150w\" data-ratio=\"1\" data-original-w=\"1600\" \/>                                                    <\/div>\n                <\/div>\n            \n            <div class=\"aux-text-inner aux-text-widget-content\">\n                                <h4 class=\"col-title\">Mes Pi\u00e8ces<\/h4>\n                                <div class=\"widget-content\">\n                                        <p>L'essence de mon travail \u00e0 travers une s\u00e9rie de pi\u00e8ces choisies.<\/p>                <\/div>\n                <a  href=\"https:\/\/www.les13ordubroc.fr\/?page_id=9183\" target=\"_self\"   class=\"aux-button aux-medium aux-white aux-curve aux-outline\" ><span class=\"aux-overlay\"><\/span><span class=\"aux-text\">Voir plus<\/span><\/a>            <\/div>\n        <\/div>\n                    <div class=\"aux-text-widget-footer\">\n                <div class=\"aux-border-shape-none \">\n                                <\/div>\n            <\/div>\n        \n<\/section><!-- widget-container -->\t\t\t\t<\/div>\n\t\t\t\t<\/div>\n\t\t\t\t<div class=\"elementor-element elementor-element-aa81406 elementor-widget elementor-widget-aux_text\" data-id=\"aa81406\" data-element_type=\"widget\" data-widget_type=\"aux_text.default\">\n\t\t\t\t<div class=\"elementor-widget-container\">\n\t\t\t\t\t<section class=\"widget-container aux-widget-text aux-parent-aua763cb72\">        <div class=\"aux-widget-advanced-text aux-wrap-style-simple aux-ico-pos-top aux-text-center aux-text-resp- aux-text-color-dark aux-text-widget-bg-center  \" >\n        \n                            <div class=\"aux-text-widget-header \"  >\n                        <div class=\"aux-ico-box aux-ico-large aux-img-box aux-ico-shape-round-rect aux-ico-clear \">\n                                                                <img decoding=\"async\" width=\"150\" height=\"150\" src=\"https:\/\/www.les13ordubroc.fr\/wp-content\/uploads\/2025\/01\/pieceslide-150x150.jpg\" class=\"aux-attachment aux-featured-image aux-attachment-id-8681\" alt=\"pieceslide\" srcset=\"https:\/\/www.les13ordubroc.fr\/wp-content\/uploads\/2025\/01\/pieceslide-150x150.jpg 150w,https:\/\/www.les13ordubroc.fr\/wp-content\/uploads\/2025\/01\/pieceslide-300x300.jpg 300w,https:\/\/www.les13ordubroc.fr\/wp-content\/uploads\/2025\/01\/pieceslide-768x768.jpg 768w,https:\/\/www.les13ordubroc.fr\/wp-content\/uploads\/2025\/01\/pieceslide-1024x1024.jpg 1024w,https:\/\/www.les13ordubroc.fr\/wp-content\/uploads\/2025\/01\/pieceslide-150x150.jpg 150w\" data-ratio=\"1\" data-original-w=\"1600\" \/>                                                    <\/div>\n                <\/div>\n            \n            <div class=\"aux-text-inner aux-text-widget-content\">\n                                <h4 class=\"col-title\">Mes Pi\u00e8ces<\/h4>\n                                <div class=\"widget-content\">\n                                        <p>L'essence de mon travail \u00e0 travers une s\u00e9rie de pi\u00e8ces choisies.<\/p>                <\/div>\n                <a  href=\"https:\/\/www.les13ordubroc.fr\/?page_id=9183\" target=\"_self\"   class=\"aux-button aux-medium aux-white aux-curve aux-outline\" ><span class=\"aux-overlay\"><\/span><span class=\"aux-text\">Voir plus<\/span><\/a>            <\/div>\n        <\/div>\n                    <div class=\"aux-text-widget-footer\">\n                <div class=\"aux-border-shape-none \">\n                                <\/div>\n            <\/div>\n        \n<\/section><!-- widget-container -->\t\t\t\t<\/div>\n\t\t\t\t<\/div>\n\t\t\t\t<div class=\"elementor-element elementor-element-017b68f elementor-widget elementor-widget-aux_text\" data-id=\"017b68f\" data-element_type=\"widget\" data-widget_type=\"aux_text.default\">\n\t\t\t\t<div class=\"elementor-widget-container\">\n\t\t\t\t\t<section class=\"widget-container aux-widget-text aux-parent-au8c4817a9\">        <div class=\"aux-widget-advanced-text aux-wrap-style-simple aux-ico-pos-top aux-text-center aux-text-resp- aux-text-color-dark aux-text-widget-bg-center  \" >\n        \n                            <div class=\"aux-text-widget-header \"  >\n                        <div class=\"aux-ico-box aux-ico-large aux-img-box aux-ico-shape-round-rect aux-ico-clear \">\n                                                                <img decoding=\"async\" width=\"150\" height=\"150\" src=\"https:\/\/www.les13ordubroc.fr\/wp-content\/uploads\/2025\/01\/pieceslide-150x150.jpg\" class=\"aux-attachment aux-featured-image aux-attachment-id-8681\" alt=\"pieceslide\" srcset=\"https:\/\/www.les13ordubroc.fr\/wp-content\/uploads\/2025\/01\/pieceslide-150x150.jpg 150w,https:\/\/www.les13ordubroc.fr\/wp-content\/uploads\/2025\/01\/pieceslide-300x300.jpg 300w,https:\/\/www.les13ordubroc.fr\/wp-content\/uploads\/2025\/01\/pieceslide-768x768.jpg 768w,https:\/\/www.les13ordubroc.fr\/wp-content\/uploads\/2025\/01\/pieceslide-1024x1024.jpg 1024w,https:\/\/www.les13ordubroc.fr\/wp-content\/uploads\/2025\/01\/pieceslide-150x150.jpg 150w\" data-ratio=\"1\" data-original-w=\"1600\" \/>                                                    <\/div>\n                <\/div>\n            \n            <div class=\"aux-text-inner aux-text-widget-content\">\n                                <h4 class=\"col-title\">Mes Pi\u00e8ces<\/h4>\n                                <div class=\"widget-content\">\n                                        <p>L'essence de mon travail \u00e0 travers une s\u00e9rie de pi\u00e8ces choisies.<\/p>                <\/div>\n                <a  href=\"https:\/\/www.les13ordubroc.fr\/?page_id=9183\" target=\"_self\"   class=\"aux-button aux-medium aux-white aux-curve aux-outline\" ><span class=\"aux-overlay\"><\/span><span class=\"aux-text\">Voir plus<\/span><\/a>            <\/div>\n        <\/div>\n                    <div class=\"aux-text-widget-footer\">\n                <div class=\"aux-border-shape-none \">\n                                <\/div>\n            <\/div>\n        \n<\/section><!-- widget-container -->\t\t\t\t<\/div>\n\t\t\t\t<\/div>\n\t\t\t\t<div class=\"elementor-element elementor-element-10337cb elementor-widget elementor-widget-aux_text\" data-id=\"10337cb\" data-element_type=\"widget\" data-widget_type=\"aux_text.default\">\n\t\t\t\t<div class=\"elementor-widget-container\">\n\t\t\t\t\t<section class=\"widget-container aux-widget-text aux-parent-aud7dee73e\">        <div class=\"aux-widget-advanced-text aux-wrap-style-simple aux-ico-pos-top aux-text-center aux-text-resp- aux-text-color-dark aux-text-widget-bg-center  \" >\n        \n                            <div class=\"aux-text-widget-header \"  >\n                        <div class=\"aux-ico-box aux-ico-large aux-img-box aux-ico-shape-round-rect aux-ico-clear \">\n                                                                <img decoding=\"async\" width=\"150\" height=\"150\" src=\"https:\/\/www.les13ordubroc.fr\/wp-content\/uploads\/2025\/01\/pieceslide-150x150.jpg\" class=\"aux-attachment aux-featured-image aux-attachment-id-8681\" alt=\"pieceslide\" srcset=\"https:\/\/www.les13ordubroc.fr\/wp-content\/uploads\/2025\/01\/pieceslide-150x150.jpg 150w,https:\/\/www.les13ordubroc.fr\/wp-content\/uploads\/2025\/01\/pieceslide-300x300.jpg 300w,https:\/\/www.les13ordubroc.fr\/wp-content\/uploads\/2025\/01\/pieceslide-768x768.jpg 768w,https:\/\/www.les13ordubroc.fr\/wp-content\/uploads\/2025\/01\/pieceslide-1024x1024.jpg 1024w,https:\/\/www.les13ordubroc.fr\/wp-content\/uploads\/2025\/01\/pieceslide-150x150.jpg 150w\" data-ratio=\"1\" data-original-w=\"1600\" \/>                                                    <\/div>\n                <\/div>\n            \n            <div class=\"aux-text-inner aux-text-widget-content\">\n                                <h4 class=\"col-title\">Mes Pi\u00e8ces<\/h4>\n                                <div class=\"widget-content\">\n                                        <p>L'essence de mon travail \u00e0 travers une s\u00e9rie de pi\u00e8ces choisies.<\/p>                <\/div>\n                <a  href=\"https:\/\/www.les13ordubroc.fr\/?page_id=9183\" target=\"_self\"   class=\"aux-button aux-medium aux-white aux-curve aux-outline\" ><span class=\"aux-overlay\"><\/span><span class=\"aux-text\">Voir plus<\/span><\/a>            <\/div>\n        <\/div>\n                    <div class=\"aux-text-widget-footer\">\n                <div class=\"aux-border-shape-none \">\n                                <\/div>\n            <\/div>\n        \n<\/section><!-- widget-container -->\t\t\t\t<\/div>\n\t\t\t\t<\/div>\n\t\t\t\t<div class=\"elementor-element elementor-element-386188e elementor-widget elementor-widget-aux_text\" data-id=\"386188e\" data-element_type=\"widget\" data-widget_type=\"aux_text.default\">\n\t\t\t\t<div class=\"elementor-widget-container\">\n\t\t\t\t\t<section class=\"widget-container aux-widget-text aux-parent-au805f88e7\">        <div class=\"aux-widget-advanced-text aux-wrap-style-simple aux-ico-pos-top aux-text-center aux-text-resp- aux-text-color-dark aux-text-widget-bg-center  \" >\n        \n                            <div class=\"aux-text-widget-header \"  >\n                        <div class=\"aux-ico-box aux-ico-large aux-img-box aux-ico-shape-round-rect aux-ico-clear \">\n                                                                <img decoding=\"async\" width=\"150\" height=\"150\" src=\"https:\/\/www.les13ordubroc.fr\/wp-content\/uploads\/2025\/01\/pieceslide-150x150.jpg\" class=\"aux-attachment aux-featured-image aux-attachment-id-8681\" alt=\"pieceslide\" srcset=\"https:\/\/www.les13ordubroc.fr\/wp-content\/uploads\/2025\/01\/pieceslide-150x150.jpg 150w,https:\/\/www.les13ordubroc.fr\/wp-content\/uploads\/2025\/01\/pieceslide-300x300.jpg 300w,https:\/\/www.les13ordubroc.fr\/wp-content\/uploads\/2025\/01\/pieceslide-768x768.jpg 768w,https:\/\/www.les13ordubroc.fr\/wp-content\/uploads\/2025\/01\/pieceslide-1024x1024.jpg 1024w,https:\/\/www.les13ordubroc.fr\/wp-content\/uploads\/2025\/01\/pieceslide-150x150.jpg 150w\" data-ratio=\"1\" data-original-w=\"1600\" \/>                                                    <\/div>\n                <\/div>\n            \n            <div class=\"aux-text-inner aux-text-widget-content\">\n                                <h4 class=\"col-title\">Mes Pi\u00e8ces<\/h4>\n                                <div class=\"widget-content\">\n                                        <p>L'essence de mon travail \u00e0 travers une s\u00e9rie de pi\u00e8ces choisies.<\/p>                <\/div>\n                <a  href=\"https:\/\/www.les13ordubroc.fr\/?page_id=9183\" target=\"_self\"   class=\"aux-button aux-medium aux-white aux-curve aux-outline\" ><span class=\"aux-overlay\"><\/span><span class=\"aux-text\">Voir plus<\/span><\/a>            <\/div>\n        <\/div>\n                    <div class=\"aux-text-widget-footer\">\n                <div class=\"aux-border-shape-none \">\n                                <\/div>\n            <\/div>\n        \n<\/section><!-- widget-container -->\t\t\t\t<\/div>\n\t\t\t\t<\/div>\n\t\t\t\t\t<\/div>\n\t\t\t\t<\/div>\n\t\t\t\t<\/div>\n\t\t","protected":false},"excerpt":{"rendered":"<p>Mes collections Fragments d&rsquo;histoire et de g\u00e9ographie : mes collections \u00e0 la loupe. Petites histoires de papier, de m\u00e9tal et de voyages : bienvenue dans mon cabinet de curiosit\u00e9s. Bonne exploration au fil des \u00e9poques ! Mes Pi\u00e8ces L&rsquo;essence de mon travail \u00e0 travers une s\u00e9rie de pi\u00e8ces choisies. Voir plus Mes Pi\u00e8ces L&rsquo;essence de [&hellip;]<\/p>\n","protected":false},"author":2,"featured_media":0,"parent":0,"menu_order":0,"comment_status":"closed","ping_status":"closed","template":"","meta":{"footnotes":""},"class_list":["post-9201","page","type-page","status-publish","hentry"],"_links":{"self":[{"href":"https:\/\/www.les13ordubroc.fr\/index.php?rest_route=\/wp\/v2\/pages\/9201","targetHints":{"allow":["GET"]}}],"collection":[{"href":"https:\/\/www.les13ordubroc.fr\/index.php?rest_route=\/wp\/v2\/pages"}],"about":[{"href":"https:\/\/www.les13ordubroc.fr\/index.php?rest_route=\/wp\/v2\/types\/page"}],"author":[{"embeddable":true,"href":"https:\/\/www.les13ordubroc.fr\/index.php?rest_route=\/wp\/v2\/users\/2"}],"replies":[{"embeddable":true,"href":"https:\/\/www.les13ordubroc.fr\/index.php?rest_route=%2Fwp%2Fv2%2Fcomments&post=9201"}],"version-history":[{"count":7,"href":"https:\/\/www.les13ordubroc.fr\/index.php?rest_route=\/wp\/v2\/pages\/9201\/revisions"}],"predecessor-version":[{"id":9213,"href":"https:\/\/www.les13ordubroc.fr\/index.php?rest_route=\/wp\/v2\/pages\/9201\/revisions\/9213"}],"wp:attachment":[{"href":"https:\/\/www.les13ordubroc.fr\/index.php?rest_route=%2Fwp%2Fv2%2Fmedia&parent=9201"}],"curies":[{"name":"wp","href":"https:\/\/api.w.org\/{rel}","templated":true}]}}